{"id":94,"date":"2019-03-01T11:20:57","date_gmt":"2019-03-01T11:20:57","guid":{"rendered":"http:\/\/www.luhaturf.cz\/?page_id=94"},"modified":"2026-04-21T09:04:00","modified_gmt":"2026-04-21T09:04:00","slug":"domu","status":"publish","type":"page","link":"https:\/\/www.luhaturf.cz\/","title":{"rendered":"Dom\u016f"},"content":{"rendered":"\t\t<div data-elementor-type=\"wp-post\" data-elementor-id=\"94\" class=\"elementor elementor-94\">\n\t\t\t\t\t\t<section class=\"elementor-section elementor-top-section elementor-element elementor-element-46592997 elementor-section-content-bottom elementor-section-boxed elementor-section-height-default elementor-section-height-default\" data-id=\"46592997\" data-element_type=\"section\" data-settings=\"{&quot;background_background&quot;:&quot;classic&quot;}\">\n\t\t\t\t\t\t<div class=\"elementor-container elementor-column-gap-default\">\n\t\t\t\t\t<div class=\"elementor-column elementor-col-50 elementor-top-column elementor-element elementor-element-23feb2d0\" data-id=\"23feb2d0\" data-element_type=\"column\" data-settings=\"{&quot;background_background&quot;:&quot;classic&quot;}\">\n\t\t\t<div class=\"elementor-widget-wrap elementor-element-populated\">\n\t\t\t\t\t\t<div class=\"elementor-element elementor-element-7b994680 elementor-widget elementor-widget-heading\" data-id=\"7b994680\" data-element_type=\"widget\" data-widget_type=\"heading.default\">\n\t\t\t\t<div class=\"elementor-widget-container\">\n\t\t\t\t\t<h1 class=\"elementor-heading-title elementor-size-large\">Jezdeck\u00fd klub Luhaturf<\/h1>\t\t\t\t<\/div>\n\t\t\t\t<\/div>\n\t\t\t\t<div class=\"elementor-element elementor-element-639202c5 elementor-widget elementor-widget-text-editor\" data-id=\"639202c5\" data-element_type=\"widget\" data-widget_type=\"text-editor.default\">\n\t\t\t\t<div class=\"elementor-widget-container\">\n\t\t\t\t\t\t\t\t\t<p>Jsme jezdeck\u00fd klub z Luha\u010dovic, kter\u00fd funguje u\u017e od roku 1991 a celou tuto dobu se zam\u011b\u0159ujeme na anglick\u00fd styl je\u017ed\u011bn\u00ed a parkur.<\/p><p>Sna\u017e\u00edme se vychov\u00e1vat kon\u011b pro rekreaci, v\u00fdcvik j\u00edzdy, ko\u010d\u00e1rov\u00e9 slu\u017eby a \u00fa\u010dast v parkurov\u00fdch z\u00e1vodech v okol\u00ed.<\/p>\t\t\t\t\t\t\t\t<\/div>\n\t\t\t\t<\/div>\n\t\t\t\t\t<\/div>\n\t\t<\/div>\n\t\t\t\t<div class=\"elementor-column elementor-col-50 elementor-top-column elementor-element elementor-element-74c0f674\" data-id=\"74c0f674\" data-element_type=\"column\">\n\t\t\t<div class=\"elementor-widget-wrap\">\n\t\t\t\t\t\t\t<\/div>\n\t\t<\/div>\n\t\t\t\t\t<\/div>\n\t\t<\/section>\n\t\t\t\t<section class=\"elementor-section elementor-top-section elementor-element elementor-element-741a05e0 elementor-section-boxed elementor-section-height-default elementor-section-height-default\" data-id=\"741a05e0\" data-element_type=\"section\">\n\t\t\t\t\t\t<div class=\"elementor-container elementor-column-gap-default\">\n\t\t\t\t\t<div class=\"elementor-column elementor-col-100 elementor-top-column elementor-element elementor-element-697b3130\" data-id=\"697b3130\" data-element_type=\"column\">\n\t\t\t<div class=\"elementor-widget-wrap elementor-element-populated\">\n\t\t\t\t\t\t<div class=\"elementor-element elementor-element-1c0adcde elementor-widget elementor-widget-heading\" data-id=\"1c0adcde\" data-element_type=\"widget\" data-widget_type=\"heading.default\">\n\t\t\t\t<div class=\"elementor-widget-container\">\n\t\t\t\t\t<h2 class=\"elementor-heading-title elementor-size-large\">Co nab\u00edz\u00edme?<\/h2>\t\t\t\t<\/div>\n\t\t\t\t<\/div>\n\t\t\t\t<div class=\"elementor-element elementor-element-722613f1 elementor-widget elementor-widget-text-editor\" data-id=\"722613f1\" data-element_type=\"widget\" data-widget_type=\"text-editor.default\">\n\t\t\t\t<div class=\"elementor-widget-container\">\n\t\t\t\t\t\t\t\t\t<p style=\"text-align: left;\">Nab\u00edz\u00edme ust\u00e1jen\u00ed kon\u00ed v otev\u0159en\u00fdch boxech s v\u00fdhledem na ostatn\u00ed kon\u011b v na\u0161\u00ed st\u00e1ji, p\u00e9\u010di o n\u011b p\u0159izp\u016fsobenou jejich pot\u0159eb\u00e1m a poradenstv\u00ed v ohledu jezdectv\u00ed pro majitele, jejich jezdce a \u010dleny klubu. D\u00e1le poskytujeme ko\u010d\u00e1rov\u00e9 slu\u017eby n\u011bkolika ko\u010d\u00e1ry, a\u0165 u\u017e se jedn\u00e1 o rekrea\u010dn\u00ed proj\u00ed\u017e\u010fky, spole\u010densk\u00e9 akce nebo slavnosti jako jsou svatby. V nab\u00eddce jsou i vyj\u00ed\u017e\u010fky na na\u0161ich odchovan\u00fdch kon\u00edch po na\u0161ich vyzkou\u0161en\u00fdch a vyje\u017ed\u011bn\u00fdch stezk\u00e1ch v les\u00edch v kr\u00e1sn\u00e9m okol\u00ed Luha\u010dovic pro pokro\u010dil\u00e9 jezdce, mo\u017enost svezen\u00ed se na koni na krou\u017eku pro d\u011bti a nezku\u0161en\u00e9 z\u00e1jemce a nakonec v\u00fdcvik anglick\u00e9ho stylu j\u00edzdy zam\u011b\u0159en\u00e9ho na parkur pro za\u010d\u00e1te\u010dn\u00edky a m\u00edrn\u011b pokro\u010dil\u00e9 na kruhu u st\u00e1je, v ter\u00e9nu nebo na j\u00edzd\u00e1rn\u011b nad st\u00e1j\u00ed.<\/p>\t\t\t\t\t\t\t\t<\/div>\n\t\t\t\t<\/div>\n\t\t\t\t\t<\/div>\n\t\t<\/div>\n\t\t\t\t\t<\/div>\n\t\t<\/section>\n\t\t\t\t<section class=\"elementor-section elementor-top-section elementor-element elementor-element-806edbb elementor-section-boxed elementor-section-height-default elementor-section-height-default\" data-id=\"806edbb\" data-element_type=\"section\">\n\t\t\t\t\t\t<div class=\"elementor-container elementor-column-gap-default\">\n\t\t\t\t\t<div class=\"elementor-column elementor-col-100 elementor-top-column elementor-element elementor-element-87a1798\" data-id=\"87a1798\" data-element_type=\"column\">\n\t\t\t<div class=\"elementor-widget-wrap elementor-element-populated\">\n\t\t\t\t\t\t<div class=\"elementor-element elementor-element-e26f6a4 elementor-widget elementor-widget-video\" data-id=\"e26f6a4\" data-element_type=\"widget\" data-settings=\"{&quot;video_type&quot;:&quot;hosted&quot;,&quot;controls&quot;:&quot;yes&quot;}\" data-widget_type=\"video.default\">\n\t\t\t\t<div class=\"elementor-widget-container\">\n\t\t\t\t\t\t\t<div class=\"e-hosted-video elementor-wrapper elementor-open-inline\">\n\t\t\t\t\t<video class=\"elementor-video\" src=\"https:\/\/www.luhaturf.cz\/wp-content\/uploads\/2026\/04\/kone-2026-video.mov\" controls=\"\" preload=\"metadata\" controlsList=\"nodownload\"><\/video>\n\t\t\t\t<\/div>\n\t\t\t\t\t\t<\/div>\n\t\t\t\t<\/div>\n\t\t\t\t\t<\/div>\n\t\t<\/div>\n\t\t\t\t\t<\/div>\n\t\t<\/section>\n\t\t\t\t<\/div>\n\t\t","protected":false},"excerpt":{"rendered":"<p>Jezdeck\u00fd klub Luhaturf Jsme jezdeck\u00fd klub z Luha\u010dovic, kter\u00fd funguje u\u017e od roku 1991 a celou tuto dobu se zam\u011b\u0159ujeme na anglick\u00fd styl je\u017ed\u011bn\u00ed a parkur. Sna\u017e\u00edme se vychov\u00e1vat kon\u011b pro rekreaci, v\u00fdcvik j\u00edzdy, ko\u010d\u00e1rov\u00e9 slu\u017eby a \u00fa\u010dast v parkurov\u00fdch z\u00e1vodech v okol\u00ed. Co nab\u00edz\u00edme? Nab\u00edz\u00edme ust\u00e1jen\u00ed kon\u00ed v otev\u0159en\u00fdch boxech s v\u00fdhledem na ostatn\u00ed [&hellip;]<\/p>\n","protected":false},"author":1,"featured_media":0,"parent":0,"menu_order":0,"comment_status":"closed","ping_status":"closed","template":"","meta":{"ocean_post_layout":"full-screen","ocean_both_sidebars_style":"","ocean_both_sidebars_content_width":0,"ocean_both_sidebars_sidebars_width":0,"ocean_sidebar":"0","ocean_second_sidebar":"0","ocean_disable_margins":"enable","ocean_add_body_class":"","ocean_shortcode_before_top_bar":"","ocean_shortcode_after_top_bar":"","ocean_shortcode_before_header":"","ocean_shortcode_after_header":"","ocean_has_shortcode":"","ocean_shortcode_after_title":"","ocean_shortcode_before_footer_widgets":"","ocean_shortcode_after_footer_widgets":"","ocean_shortcode_before_footer_bottom":"","ocean_shortcode_after_footer_bottom":"","ocean_display_top_bar":"default","ocean_display_header":"default","ocean_header_style":"","ocean_center_header_left_menu":"0","ocean_custom_header_template":"0","ocean_custom_logo":0,"ocean_custom_retina_logo":0,"ocean_custom_logo_max_width":0,"ocean_custom_logo_tablet_max_width":0,"ocean_custom_logo_mobile_max_width":0,"ocean_custom_logo_max_height":0,"ocean_custom_logo_tablet_max_height":0,"ocean_custom_logo_mobile_max_height":0,"ocean_header_custom_menu":"0","ocean_menu_typo_font_family":"0","ocean_menu_typo_font_subset":"","ocean_menu_typo_font_size":0,"ocean_menu_typo_font_size_tablet":0,"ocean_menu_typo_font_size_mobile":0,"ocean_menu_typo_font_size_unit":"px","ocean_menu_typo_font_weight":"","ocean_menu_typo_font_weight_tablet":"","ocean_menu_typo_font_weight_mobile":"","ocean_menu_typo_transform":"","ocean_menu_typo_transform_tablet":"","ocean_menu_typo_transform_mobile":"","ocean_menu_typo_line_height":0,"ocean_menu_typo_line_height_tablet":0,"ocean_menu_typo_line_height_mobile":0,"ocean_menu_typo_line_height_unit":"","ocean_menu_typo_spacing":0,"ocean_menu_typo_spacing_tablet":0,"ocean_menu_typo_spacing_mobile":0,"ocean_menu_typo_spacing_unit":"","ocean_menu_link_color":"","ocean_menu_link_color_hover":"","ocean_menu_link_color_active":"","ocean_menu_link_background":"","ocean_menu_link_hover_background":"","ocean_menu_link_active_background":"","ocean_menu_social_links_bg":"","ocean_menu_social_hover_links_bg":"","ocean_menu_social_links_color":"","ocean_menu_social_hover_links_color":"","ocean_disable_title":"on","ocean_disable_heading":"default","ocean_post_title":"","ocean_post_subheading":"","ocean_post_title_style":"","ocean_post_title_background_color":"","ocean_post_title_background":0,"ocean_post_title_bg_image_position":"","ocean_post_title_bg_image_attachment":"","ocean_post_title_bg_image_repeat":"","ocean_post_title_bg_image_size":"","ocean_post_title_height":0,"ocean_post_title_bg_overlay":0.5,"ocean_post_title_bg_overlay_color":"","ocean_disable_breadcrumbs":"default","ocean_breadcrumbs_color":"","ocean_breadcrumbs_separator_color":"","ocean_breadcrumbs_links_color":"","ocean_breadcrumbs_links_hover_color":"","ocean_display_footer_widgets":"default","ocean_display_footer_bottom":"default","ocean_custom_footer_template":"0","footnotes":""},"class_list":["post-94","page","type-page","status-publish","hentry","entry"],"_links":{"self":[{"href":"https:\/\/www.luhaturf.cz\/index.php\/wp-json\/wp\/v2\/pages\/94","targetHints":{"allow":["GET"]}}],"collection":[{"href":"https:\/\/www.luhaturf.cz\/index.php\/wp-json\/wp\/v2\/pages"}],"about":[{"href":"https:\/\/www.luhaturf.cz\/index.php\/wp-json\/wp\/v2\/types\/page"}],"author":[{"embeddable":true,"href":"https:\/\/www.luhaturf.cz\/index.php\/wp-json\/wp\/v2\/users\/1"}],"replies":[{"embeddable":true,"href":"https:\/\/www.luhaturf.cz\/index.php\/wp-json\/wp\/v2\/comments?post=94"}],"version-history":[{"count":33,"href":"https:\/\/www.luhaturf.cz\/index.php\/wp-json\/wp\/v2\/pages\/94\/revisions"}],"predecessor-version":[{"id":1219,"href":"https:\/\/www.luhaturf.cz\/index.php\/wp-json\/wp\/v2\/pages\/94\/revisions\/1219"}],"wp:attachment":[{"href":"https:\/\/www.luhaturf.cz\/index.php\/wp-json\/wp\/v2\/media?parent=94"}],"curies":[{"name":"wp","href":"https:\/\/api.w.org\/{rel}","templated":true}]}}