{"id":67,"date":"2019-02-28T22:42:36","date_gmt":"2019-02-28T22:42:36","guid":{"rendered":"http:\/\/www.luhaturf.cz\/?page_id=67"},"modified":"2020-01-07T19:15:00","modified_gmt":"2020-01-07T19:15:00","slug":"hiposluzby","status":"publish","type":"page","link":"https:\/\/www.luhaturf.cz\/index.php\/hiposluzby\/","title":{"rendered":"Hiposlu\u017eby"},"content":{"rendered":"\t\t<div data-elementor-type=\"wp-post\" data-elementor-id=\"67\" class=\"elementor elementor-67\">\n\t\t\t\t\t\t<section class=\"elementor-section elementor-top-section elementor-element elementor-element-12aa323f elementor-section-content-middle elementor-reverse-mobile elementor-section-full_width elementor-section-height-default elementor-section-height-default\" data-id=\"12aa323f\" data-element_type=\"section\">\n\t\t\t\t\t\t<div class=\"elementor-container elementor-column-gap-default\">\n\t\t\t\t\t<div class=\"elementor-column elementor-col-50 elementor-top-column elementor-element elementor-element-60f0c83d\" data-id=\"60f0c83d\" data-element_type=\"column\">\n\t\t\t<div class=\"elementor-widget-wrap elementor-element-populated\">\n\t\t\t\t\t\t<div class=\"elementor-element elementor-element-63905eef elementor-widget elementor-widget-heading\" data-id=\"63905eef\" data-element_type=\"widget\" data-widget_type=\"heading.default\">\n\t\t\t\t<div class=\"elementor-widget-container\">\n\t\t\t\t\t<h3 class=\"elementor-heading-title elementor-size-default\">Svezen\u00ed se na krou\u017eku<\/h3>\t\t\t\t<\/div>\n\t\t\t\t<\/div>\n\t\t\t\t<div class=\"elementor-element elementor-element-56ff587e elementor-widget elementor-widget-text-editor\" data-id=\"56ff587e\" data-element_type=\"widget\" data-widget_type=\"text-editor.default\">\n\t\t\t\t<div class=\"elementor-widget-container\">\n\t\t\t\t\t\t\t\t\t<p>Pro d\u011bti nebo z\u00e1jemce co neum\u00ed jezdit nebo se nec\u00edt\u00ed na vyj\u00ed\u017e\u010fku existuje mo\u017enost sv\u00e9zt se na koni veden\u00fdm \u010dlenem klubu na krou\u017eku. Pokud se chce vozit v\u00edce lid\u00ed najednou, je mo\u017eno nesedlat v\u00edce kon\u00ed. M\u00e1me hodn\u00e9 kon\u011b a pod dozorem je to bezpe\u010dn\u00e9 i pro mal\u00e9 d\u011bti. Je dobr\u00e9, kdy\u017e m\u00e1 z\u00e1jemce svoji helmu, ale je tu mo\u017enost zap\u016fj\u010den\u00ed v p\u0159\u00edpad\u011b nutnosti. V\u0161e je nutn\u00e9 domluvit a objednat alespo\u0148 den dop\u0159edu. Minim\u00e1ln\u00ed d\u00e9lka svezen\u00ed je 15 minut.<\/p>\t\t\t\t\t\t\t\t<\/div>\n\t\t\t\t<\/div>\n\t\t\t\t\t<\/div>\n\t\t<\/div>\n\t\t\t\t<div class=\"elementor-column elementor-col-50 elementor-top-column elementor-element elementor-element-65f9b29f\" data-id=\"65f9b29f\" data-element_type=\"column\">\n\t\t\t<div class=\"elementor-widget-wrap elementor-element-populated\">\n\t\t\t\t\t\t<div class=\"elementor-element elementor-element-f987a2a elementor-widget elementor-widget-image\" data-id=\"f987a2a\" data-element_type=\"widget\" data-widget_type=\"image.default\">\n\t\t\t\t<div class=\"elementor-widget-container\">\n\t\t\t\t\t\t\t\t\t\t\t\t\t\t\t\t<a href=\"http:\/\/www.luhaturf.cz\/wp-content\/uploads\/2019\/12\/53934125_2065331360225600_5427509867982094336_n-1.jpg\" data-elementor-open-lightbox=\"yes\" data-elementor-lightbox-title=\"53934125_2065331360225600_5427509867982094336_n\" data-e-action-hash=\"#elementor-action%3Aaction%3Dlightbox%26settings%3DeyJpZCI6NDc0LCJ1cmwiOiJodHRwczpcL1wvd3d3Lmx1aGF0dXJmLmN6XC93cC1jb250ZW50XC91cGxvYWRzXC8yMDE5XC8xMlwvNTM5MzQxMjVfMjA2NTMzMTM2MDIyNTYwMF81NDI3NTA5ODY3OTgyMDk0MzM2X24tMS5qcGcifQ%3D%3D\">\n\t\t\t\t\t\t\t<img fetchpriority=\"high\" decoding=\"async\" width=\"480\" height=\"640\" src=\"https:\/\/www.luhaturf.cz\/wp-content\/uploads\/2019\/12\/53934125_2065331360225600_5427509867982094336_n-1.jpg\" class=\"attachment-full size-full wp-image-474\" alt=\"\" srcset=\"https:\/\/www.luhaturf.cz\/wp-content\/uploads\/2019\/12\/53934125_2065331360225600_5427509867982094336_n-1.jpg 480w, https:\/\/www.luhaturf.cz\/wp-content\/uploads\/2019\/12\/53934125_2065331360225600_5427509867982094336_n-1-225x300.jpg 225w\" sizes=\"(max-width: 480px) 100vw, 480px\" \/>\t\t\t\t\t\t\t\t<\/a>\n\t\t\t\t\t\t\t\t\t\t\t\t\t\t\t<\/div>\n\t\t\t\t<\/div>\n\t\t\t\t\t<\/div>\n\t\t<\/div>\n\t\t\t\t\t<\/div>\n\t\t<\/section>\n\t\t\t\t<section class=\"elementor-section elementor-top-section elementor-element elementor-element-456f80a0 elementor-section-content-middle elementor-section-full_width elementor-section-height-default elementor-section-height-default\" data-id=\"456f80a0\" data-element_type=\"section\">\n\t\t\t\t\t\t<div class=\"elementor-container elementor-column-gap-default\">\n\t\t\t\t\t<div class=\"elementor-column elementor-col-50 elementor-top-column elementor-element elementor-element-38ed39b3\" data-id=\"38ed39b3\" data-element_type=\"column\">\n\t\t\t<div class=\"elementor-widget-wrap elementor-element-populated\">\n\t\t\t\t\t\t<div class=\"elementor-element elementor-element-712a8e5 elementor-arrows-position-inside elementor-pagination-position-outside elementor-widget elementor-widget-image-carousel\" data-id=\"712a8e5\" data-element_type=\"widget\" id=\"vyj\u00ed\u017e\u010fka\" data-settings=\"{&quot;slides_to_show&quot;:&quot;1&quot;,&quot;navigation&quot;:&quot;both&quot;,&quot;autoplay&quot;:&quot;yes&quot;,&quot;pause_on_hover&quot;:&quot;yes&quot;,&quot;pause_on_interaction&quot;:&quot;yes&quot;,&quot;autoplay_speed&quot;:5000,&quot;infinite&quot;:&quot;yes&quot;,&quot;effect&quot;:&quot;slide&quot;,&quot;speed&quot;:500}\" data-widget_type=\"image-carousel.default\">\n\t\t\t\t<div class=\"elementor-widget-container\">\n\t\t\t\t\t\t\t<div class=\"elementor-image-carousel-wrapper swiper\" role=\"region\" aria-roledescription=\"carousel\" aria-label=\"Obr\u00e1zkov\u00fd koloto\u010d\" dir=\"ltr\">\n\t\t\t<div class=\"elementor-image-carousel swiper-wrapper\" aria-live=\"off\">\n\t\t\t\t\t\t\t\t<div class=\"swiper-slide\" role=\"group\" aria-roledescription=\"slide\" aria-label=\"1 z 3\"><a data-elementor-open-lightbox=\"yes\" data-elementor-lightbox-slideshow=\"712a8e5\" data-elementor-lightbox-title=\"57272246_2126204904138245_1346190566160859136_o\" data-e-action-hash=\"#elementor-action%3Aaction%3Dlightbox%26settings%3DeyJpZCI6NDc4LCJ1cmwiOiJodHRwczpcL1wvd3d3Lmx1aGF0dXJmLmN6XC93cC1jb250ZW50XC91cGxvYWRzXC8yMDE5XC8xMlwvNTcyNzIyNDZfMjEyNjIwNDkwNDEzODI0NV8xMzQ2MTkwNTY2MTYwODU5MTM2X28tMS5qcGciLCJzbGlkZXNob3ciOiI3MTJhOGU1In0%3D\" href=\"https:\/\/www.luhaturf.cz\/wp-content\/uploads\/2019\/12\/57272246_2126204904138245_1346190566160859136_o-1.jpg\"><figure class=\"swiper-slide-inner\"><img decoding=\"async\" class=\"swiper-slide-image\" src=\"https:\/\/www.luhaturf.cz\/wp-content\/uploads\/2019\/12\/57272246_2126204904138245_1346190566160859136_o-1.jpg\" alt=\"57272246_2126204904138245_1346190566160859136_o\" \/><\/figure><\/a><\/div><div class=\"swiper-slide\" role=\"group\" aria-roledescription=\"slide\" aria-label=\"2 z 3\"><a data-elementor-open-lightbox=\"yes\" data-elementor-lightbox-slideshow=\"712a8e5\" data-elementor-lightbox-title=\"55576564_2085654214859981_92303352611733504_o\" data-e-action-hash=\"#elementor-action%3Aaction%3Dlightbox%26settings%3DeyJpZCI6NDc1LCJ1cmwiOiJodHRwczpcL1wvd3d3Lmx1aGF0dXJmLmN6XC93cC1jb250ZW50XC91cGxvYWRzXC8yMDE5XC8xMlwvNTU1NzY1NjRfMjA4NTY1NDIxNDg1OTk4MV85MjMwMzM1MjYxMTczMzUwNF9vLTEuanBnIiwic2xpZGVzaG93IjoiNzEyYThlNSJ9\" href=\"https:\/\/www.luhaturf.cz\/wp-content\/uploads\/2019\/12\/55576564_2085654214859981_92303352611733504_o-1.jpg\"><figure class=\"swiper-slide-inner\"><img decoding=\"async\" class=\"swiper-slide-image\" src=\"https:\/\/www.luhaturf.cz\/wp-content\/uploads\/2019\/12\/55576564_2085654214859981_92303352611733504_o-1.jpg\" alt=\"55576564_2085654214859981_92303352611733504_o\" \/><\/figure><\/a><\/div><div class=\"swiper-slide\" role=\"group\" aria-roledescription=\"slide\" aria-label=\"3 z 3\"><a data-elementor-open-lightbox=\"yes\" data-elementor-lightbox-slideshow=\"712a8e5\" data-elementor-lightbox-title=\"52920434_2054052628020140_8311655105317306368_o\" data-e-action-hash=\"#elementor-action%3Aaction%3Dlightbox%26settings%3DeyJpZCI6NDczLCJ1cmwiOiJodHRwczpcL1wvd3d3Lmx1aGF0dXJmLmN6XC93cC1jb250ZW50XC91cGxvYWRzXC8yMDE5XC8xMlwvNTI5MjA0MzRfMjA1NDA1MjYyODAyMDE0MF84MzExNjU1MTA1MzE3MzA2MzY4X28tMS5qcGciLCJzbGlkZXNob3ciOiI3MTJhOGU1In0%3D\" href=\"https:\/\/www.luhaturf.cz\/wp-content\/uploads\/2019\/12\/52920434_2054052628020140_8311655105317306368_o-1.jpg\"><figure class=\"swiper-slide-inner\"><img decoding=\"async\" class=\"swiper-slide-image\" src=\"https:\/\/www.luhaturf.cz\/wp-content\/uploads\/2019\/12\/52920434_2054052628020140_8311655105317306368_o-1.jpg\" alt=\"52920434_2054052628020140_8311655105317306368_o\" \/><\/figure><\/a><\/div>\t\t\t<\/div>\n\t\t\t\t\t\t\t\t\t\t\t\t<div class=\"elementor-swiper-button elementor-swiper-button-prev\" role=\"button\" tabindex=\"0\">\n\t\t\t\t\t\t<i aria-hidden=\"true\" class=\"eicon-chevron-left\"><\/i>\t\t\t\t\t<\/div>\n\t\t\t\t\t<div class=\"elementor-swiper-button elementor-swiper-button-next\" role=\"button\" tabindex=\"0\">\n\t\t\t\t\t\t<i aria-hidden=\"true\" class=\"eicon-chevron-right\"><\/i>\t\t\t\t\t<\/div>\n\t\t\t\t\n\t\t\t\t\t\t\t\t\t<div class=\"swiper-pagination\"><\/div>\n\t\t\t\t\t\t\t\t\t<\/div>\n\t\t\t\t\t\t<\/div>\n\t\t\t\t<\/div>\n\t\t\t\t\t<\/div>\n\t\t<\/div>\n\t\t\t\t<div class=\"elementor-column elementor-col-50 elementor-top-column elementor-element elementor-element-43f34c9c\" data-id=\"43f34c9c\" data-element_type=\"column\">\n\t\t\t<div class=\"elementor-widget-wrap elementor-element-populated\">\n\t\t\t\t\t\t<div class=\"elementor-element elementor-element-59ae5e99 elementor-widget elementor-widget-heading\" data-id=\"59ae5e99\" data-element_type=\"widget\" data-widget_type=\"heading.default\">\n\t\t\t\t<div class=\"elementor-widget-container\">\n\t\t\t\t\t<h3 class=\"elementor-heading-title elementor-size-default\">Vyj\u00ed\u017e\u010fka<\/h3>\t\t\t\t<\/div>\n\t\t\t\t<\/div>\n\t\t\t\t<div class=\"elementor-element elementor-element-365cc5ef elementor-widget elementor-widget-text-editor\" data-id=\"365cc5ef\" data-element_type=\"widget\" data-widget_type=\"text-editor.default\">\n\t\t\t\t<div class=\"elementor-widget-container\">\n\t\t\t\t\t\t\t\t\t<p>Vyj\u00ed\u017e\u010fky jsou ur\u010deny pro pokro\u010dil\u00e9 jezdce a bude jejich mo\u017enostem p\u0159izp\u016fsobeny. Odehr\u00e1vaj\u00ed se na na\u0161\u00edch ozkou\u0161en\u00fdch stezk\u00e1ch v okoln\u00edch les\u00edch a v n\u00e1dhern\u00e9m okol\u00ed Luha\u010dovic. Jezdec by m\u011bl m\u00edt sv\u00e9 jezdeck\u00e9 oble\u010den\u00ed a obuv, jak\u00e9 uzn\u00e1 za vhodn\u00e9 a helmu. Tu je v p\u0159\u00edpad\u011b domluvy mo\u017eno zap\u016fj\u010dit. Je mo\u017en\u00e9 nasedlat v\u00edce kon\u00ed v p\u0159\u00edpad\u011b z\u00e1jmu v\u00edce lid\u00ed. Vyj\u00ed\u017e\u010fka trv\u00e1 hodinu, ta se za\u010d\u00edn\u00e1 po\u010d\u00edtat od domluven\u00e9ho \u010dasu vyjet\u00ed, k\u016f\u0148 v tu dobu u\u017e je nasedlan\u00fd, tak\u017ee pros\u00edm, bu\u010fte ve va\u0161em z\u00e1jmu v\u010das na m\u00edst\u011b. V\u0161e je nutn\u00e9 domluvit a objednat alespo\u0148 den dop\u0159edu.<\/p>\t\t\t\t\t\t\t\t<\/div>\n\t\t\t\t<\/div>\n\t\t\t\t\t<\/div>\n\t\t<\/div>\n\t\t\t\t\t<\/div>\n\t\t<\/section>\n\t\t\t\t<section class=\"elementor-section elementor-top-section elementor-element elementor-element-47141d22 elementor-section-content-middle elementor-reverse-mobile elementor-section-full_width elementor-section-height-default elementor-section-height-default\" data-id=\"47141d22\" data-element_type=\"section\">\n\t\t\t\t\t\t<div class=\"elementor-container elementor-column-gap-default\">\n\t\t\t\t\t<div class=\"elementor-column elementor-col-50 elementor-top-column elementor-element elementor-element-361f5809\" data-id=\"361f5809\" data-element_type=\"column\">\n\t\t\t<div class=\"elementor-widget-wrap elementor-element-populated\">\n\t\t\t\t\t\t<div class=\"elementor-element elementor-element-46d4d407 elementor-widget elementor-widget-heading\" data-id=\"46d4d407\" data-element_type=\"widget\" data-widget_type=\"heading.default\">\n\t\t\t\t<div class=\"elementor-widget-container\">\n\t\t\t\t\t<h3 class=\"elementor-heading-title elementor-size-default\">V\u00fdcvik j\u00edzdy<\/h3>\t\t\t\t<\/div>\n\t\t\t\t<\/div>\n\t\t\t\t<div class=\"elementor-element elementor-element-382cbbfa elementor-widget elementor-widget-text-editor\" data-id=\"382cbbfa\" data-element_type=\"widget\" data-widget_type=\"text-editor.default\">\n\t\t\t\t<div class=\"elementor-widget-container\">\n\t\t\t\t\t\t\t\t\t<p>V p\u0159\u00edpad\u011b z\u00e1jmu je mo\u017eno domluvit se na individu\u00e1ln\u00edm v\u00fdcviku anglick\u00e9ho je\u017ed\u011bn\u00ed s parkurov\u00fdm zam\u011b\u0159en\u00edm.\u00a0<span style=\"font-family: Roboto, sans-serif; font-size: 14px; font-style: normal; font-variant-ligatures: normal; font-variant-caps: normal; font-weight: 400;\">Jezdec by m\u011bl m\u00edt sv\u00e9 jezdeck\u00e9 oble\u010den\u00ed a obuv, jak\u00e9 uzn\u00e1 za vhodn\u00e9 a helmu. Tu je v p\u0159\u00edpad\u011b domluvy mo\u017eno zap\u016fj\u010dit. V\u00fdcvik se odehr\u00e1v\u00e1 bu\u010f na kruhu u st\u00e1je, na kruhu v ter\u00e9nu a okol\u00ed nebo na j\u00edzd\u00e1rn\u011b nad st\u00e1j\u00ed. V\u0161e je pot\u0159eba p\u0159edem domluvit.<\/span><\/p>\t\t\t\t\t\t\t\t<\/div>\n\t\t\t\t<\/div>\n\t\t\t\t\t<\/div>\n\t\t<\/div>\n\t\t\t\t<div class=\"elementor-column elementor-col-50 elementor-top-column elementor-element elementor-element-21530b5\" data-id=\"21530b5\" data-element_type=\"column\">\n\t\t\t<div class=\"elementor-widget-wrap elementor-element-populated\">\n\t\t\t\t\t\t<div class=\"elementor-element elementor-element-f8fe4a6 elementor-arrows-position-inside elementor-pagination-position-outside elementor-widget elementor-widget-image-carousel\" data-id=\"f8fe4a6\" data-element_type=\"widget\" id=\"v\u00fdcvik\" data-settings=\"{&quot;slides_to_show&quot;:&quot;1&quot;,&quot;navigation&quot;:&quot;both&quot;,&quot;autoplay&quot;:&quot;yes&quot;,&quot;pause_on_hover&quot;:&quot;yes&quot;,&quot;pause_on_interaction&quot;:&quot;yes&quot;,&quot;autoplay_speed&quot;:5000,&quot;infinite&quot;:&quot;yes&quot;,&quot;effect&quot;:&quot;slide&quot;,&quot;speed&quot;:500}\" data-widget_type=\"image-carousel.default\">\n\t\t\t\t<div class=\"elementor-widget-container\">\n\t\t\t\t\t\t\t<div class=\"elementor-image-carousel-wrapper swiper\" role=\"region\" aria-roledescription=\"carousel\" aria-label=\"Obr\u00e1zkov\u00fd koloto\u010d\" dir=\"ltr\">\n\t\t\t<div class=\"elementor-image-carousel swiper-wrapper\" aria-live=\"off\">\n\t\t\t\t\t\t\t\t<div class=\"swiper-slide\" role=\"group\" aria-roledescription=\"slide\" aria-label=\"1 z 4\"><a data-elementor-open-lightbox=\"yes\" data-elementor-lightbox-slideshow=\"f8fe4a6\" data-elementor-lightbox-title=\"57485132_10211638258351056_1987328621089390592_o\" data-e-action-hash=\"#elementor-action%3Aaction%3Dlightbox%26settings%3DeyJpZCI6NDc5LCJ1cmwiOiJodHRwczpcL1wvd3d3Lmx1aGF0dXJmLmN6XC93cC1jb250ZW50XC91cGxvYWRzXC8yMDE5XC8xMlwvNTc0ODUxMzJfMTAyMTE2MzgyNTgzNTEwNTZfMTk4NzMyODYyMTA4OTM5MDU5Ml9vLTEuanBnIiwic2xpZGVzaG93IjoiZjhmZTRhNiJ9\" href=\"https:\/\/www.luhaturf.cz\/wp-content\/uploads\/2019\/12\/57485132_10211638258351056_1987328621089390592_o-1.jpg\"><figure class=\"swiper-slide-inner\"><img decoding=\"async\" class=\"swiper-slide-image\" src=\"https:\/\/www.luhaturf.cz\/wp-content\/uploads\/2019\/12\/57485132_10211638258351056_1987328621089390592_o-1.jpg\" alt=\"57485132_10211638258351056_1987328621089390592_o\" \/><\/figure><\/a><\/div><div class=\"swiper-slide\" role=\"group\" aria-roledescription=\"slide\" aria-label=\"2 z 4\"><a data-elementor-open-lightbox=\"yes\" data-elementor-lightbox-slideshow=\"f8fe4a6\" data-elementor-lightbox-title=\"57092742_10211638259111075_5572474420200472576_o\" data-e-action-hash=\"#elementor-action%3Aaction%3Dlightbox%26settings%3DeyJpZCI6NDc2LCJ1cmwiOiJodHRwczpcL1wvd3d3Lmx1aGF0dXJmLmN6XC93cC1jb250ZW50XC91cGxvYWRzXC8yMDE5XC8xMlwvNTcwOTI3NDJfMTAyMTE2MzgyNTkxMTEwNzVfNTU3MjQ3NDQyMDIwMDQ3MjU3Nl9vLTEuanBnIiwic2xpZGVzaG93IjoiZjhmZTRhNiJ9\" href=\"https:\/\/www.luhaturf.cz\/wp-content\/uploads\/2019\/12\/57092742_10211638259111075_5572474420200472576_o-1.jpg\"><figure class=\"swiper-slide-inner\"><img decoding=\"async\" class=\"swiper-slide-image\" src=\"https:\/\/www.luhaturf.cz\/wp-content\/uploads\/2019\/12\/57092742_10211638259111075_5572474420200472576_o-1.jpg\" alt=\"57092742_10211638259111075_5572474420200472576_o\" \/><\/figure><\/a><\/div><div class=\"swiper-slide\" role=\"group\" aria-roledescription=\"slide\" aria-label=\"3 z 4\"><a data-elementor-open-lightbox=\"yes\" data-elementor-lightbox-slideshow=\"f8fe4a6\" data-elementor-lightbox-title=\"41777882_1822393907852681_1235170768275374080_o\" data-e-action-hash=\"#elementor-action%3Aaction%3Dlightbox%26settings%3DeyJpZCI6NDYwLCJ1cmwiOiJodHRwczpcL1wvd3d3Lmx1aGF0dXJmLmN6XC93cC1jb250ZW50XC91cGxvYWRzXC8yMDE5XC8xMlwvNDE3Nzc4ODJfMTgyMjM5MzkwNzg1MjY4MV8xMjM1MTcwNzY4Mjc1Mzc0MDgwX28tMS5qcGciLCJzbGlkZXNob3ciOiJmOGZlNGE2In0%3D\" href=\"https:\/\/www.luhaturf.cz\/wp-content\/uploads\/2019\/12\/41777882_1822393907852681_1235170768275374080_o-1.jpg\"><figure class=\"swiper-slide-inner\"><img decoding=\"async\" class=\"swiper-slide-image\" src=\"https:\/\/www.luhaturf.cz\/wp-content\/uploads\/2019\/12\/41777882_1822393907852681_1235170768275374080_o-1.jpg\" alt=\"41777882_1822393907852681_1235170768275374080_o\" \/><\/figure><\/a><\/div><div class=\"swiper-slide\" role=\"group\" aria-roledescription=\"slide\" aria-label=\"4 z 4\"><a data-elementor-open-lightbox=\"yes\" data-elementor-lightbox-slideshow=\"f8fe4a6\" data-elementor-lightbox-title=\"41708901_1822393934519345_7240238512186851328_o\" data-e-action-hash=\"#elementor-action%3Aaction%3Dlightbox%26settings%3DeyJpZCI6NDU5LCJ1cmwiOiJodHRwczpcL1wvd3d3Lmx1aGF0dXJmLmN6XC93cC1jb250ZW50XC91cGxvYWRzXC8yMDE5XC8xMlwvNDE3MDg5MDFfMTgyMjM5MzkzNDUxOTM0NV83MjQwMjM4NTEyMTg2ODUxMzI4X28tMS5qcGciLCJzbGlkZXNob3ciOiJmOGZlNGE2In0%3D\" href=\"https:\/\/www.luhaturf.cz\/wp-content\/uploads\/2019\/12\/41708901_1822393934519345_7240238512186851328_o-1.jpg\"><figure class=\"swiper-slide-inner\"><img decoding=\"async\" class=\"swiper-slide-image\" src=\"https:\/\/www.luhaturf.cz\/wp-content\/uploads\/2019\/12\/41708901_1822393934519345_7240238512186851328_o-1.jpg\" alt=\"41708901_1822393934519345_7240238512186851328_o\" \/><\/figure><\/a><\/div>\t\t\t<\/div>\n\t\t\t\t\t\t\t\t\t\t\t\t<div class=\"elementor-swiper-button elementor-swiper-button-prev\" role=\"button\" tabindex=\"0\">\n\t\t\t\t\t\t<i aria-hidden=\"true\" class=\"eicon-chevron-left\"><\/i>\t\t\t\t\t<\/div>\n\t\t\t\t\t<div class=\"elementor-swiper-button elementor-swiper-button-next\" role=\"button\" tabindex=\"0\">\n\t\t\t\t\t\t<i aria-hidden=\"true\" class=\"eicon-chevron-right\"><\/i>\t\t\t\t\t<\/div>\n\t\t\t\t\n\t\t\t\t\t\t\t\t\t<div class=\"swiper-pagination\"><\/div>\n\t\t\t\t\t\t\t\t\t<\/div>\n\t\t\t\t\t\t<\/div>\n\t\t\t\t<\/div>\n\t\t\t\t\t<\/div>\n\t\t<\/div>\n\t\t\t\t\t<\/div>\n\t\t<\/section>\n\t\t\t\t<\/div>\n\t\t","protected":false},"excerpt":{"rendered":"<p>Svezen\u00ed se na krou\u017eku Pro d\u011bti nebo z\u00e1jemce co neum\u00ed jezdit nebo se nec\u00edt\u00ed na vyj\u00ed\u017e\u010fku existuje mo\u017enost sv\u00e9zt se na koni veden\u00fdm \u010dlenem klubu na krou\u017eku. Pokud se chce vozit v\u00edce lid\u00ed najednou, je mo\u017eno nesedlat v\u00edce kon\u00ed. M\u00e1me hodn\u00e9 kon\u011b a pod dozorem je to bezpe\u010dn\u00e9 i pro mal\u00e9 d\u011bti. Je dobr\u00e9, kdy\u017e [&hellip;]<\/p>\n","protected":false},"author":1,"featured_media":0,"parent":0,"menu_order":0,"comment_status":"closed","ping_status":"closed","template":"","meta":{"ocean_post_layout":"full-screen","ocean_both_sidebars_style":"","ocean_both_sidebars_content_width":0,"ocean_both_sidebars_sidebars_width":0,"ocean_sidebar":"0","ocean_second_sidebar":"0","ocean_disable_margins":"enable","ocean_add_body_class":"","ocean_shortcode_before_top_bar":"","ocean_shortcode_after_top_bar":"","ocean_shortcode_before_header":"","ocean_shortcode_after_header":"","ocean_has_shortcode":"","ocean_shortcode_after_title":"","ocean_shortcode_before_footer_widgets":"","ocean_shortcode_after_footer_widgets":"","ocean_shortcode_before_footer_bottom":"","ocean_shortcode_after_footer_bottom":"","ocean_display_top_bar":"default","ocean_display_header":"default","ocean_header_style":"","ocean_center_header_left_menu":"0","ocean_custom_header_template":"0","ocean_custom_logo":0,"ocean_custom_retina_logo":0,"ocean_custom_logo_max_width":0,"ocean_custom_logo_tablet_max_width":0,"ocean_custom_logo_mobile_max_width":0,"ocean_custom_logo_max_height":0,"ocean_custom_logo_tablet_max_height":0,"ocean_custom_logo_mobile_max_height":0,"ocean_header_custom_menu":"0","ocean_menu_typo_font_family":"0","ocean_menu_typo_font_subset":"","ocean_menu_typo_font_size":0,"ocean_menu_typo_font_size_tablet":0,"ocean_menu_typo_font_size_mobile":0,"ocean_menu_typo_font_size_unit":"px","ocean_menu_typo_font_weight":"","ocean_menu_typo_font_weight_tablet":"","ocean_menu_typo_font_weight_mobile":"","ocean_menu_typo_transform":"","ocean_menu_typo_transform_tablet":"","ocean_menu_typo_transform_mobile":"","ocean_menu_typo_line_height":0,"ocean_menu_typo_line_height_tablet":0,"ocean_menu_typo_line_height_mobile":0,"ocean_menu_typo_line_height_unit":"","ocean_menu_typo_spacing":0,"ocean_menu_typo_spacing_tablet":0,"ocean_menu_typo_spacing_mobile":0,"ocean_menu_typo_spacing_unit":"","ocean_menu_link_color":"","ocean_menu_link_color_hover":"","ocean_menu_link_color_active":"","ocean_menu_link_background":"","ocean_menu_link_hover_background":"","ocean_menu_link_active_background":"","ocean_menu_social_links_bg":"","ocean_menu_social_hover_links_bg":"","ocean_menu_social_links_color":"","ocean_menu_social_hover_links_color":"","ocean_disable_title":"on","ocean_disable_heading":"default","ocean_post_title":"","ocean_post_subheading":"","ocean_post_title_style":"","ocean_post_title_background_color":"","ocean_post_title_background":0,"ocean_post_title_bg_image_position":"","ocean_post_title_bg_image_attachment":"","ocean_post_title_bg_image_repeat":"","ocean_post_title_bg_image_size":"","ocean_post_title_height":0,"ocean_post_title_bg_overlay":0.5,"ocean_post_title_bg_overlay_color":"","ocean_disable_breadcrumbs":"default","ocean_breadcrumbs_color":"","ocean_breadcrumbs_separator_color":"","ocean_breadcrumbs_links_color":"","ocean_breadcrumbs_links_hover_color":"","ocean_display_footer_widgets":"default","ocean_display_footer_bottom":"default","ocean_custom_footer_template":"0","footnotes":""},"class_list":["post-67","page","type-page","status-publish","hentry","entry"],"_links":{"self":[{"href":"https:\/\/www.luhaturf.cz\/index.php\/wp-json\/wp\/v2\/pages\/67","targetHints":{"allow":["GET"]}}],"collection":[{"href":"https:\/\/www.luhaturf.cz\/index.php\/wp-json\/wp\/v2\/pages"}],"about":[{"href":"https:\/\/www.luhaturf.cz\/index.php\/wp-json\/wp\/v2\/types\/page"}],"author":[{"embeddable":true,"href":"https:\/\/www.luhaturf.cz\/index.php\/wp-json\/wp\/v2\/users\/1"}],"replies":[{"embeddable":true,"href":"https:\/\/www.luhaturf.cz\/index.php\/wp-json\/wp\/v2\/comments?post=67"}],"version-history":[{"count":19,"href":"https:\/\/www.luhaturf.cz\/index.php\/wp-json\/wp\/v2\/pages\/67\/revisions"}],"predecessor-version":[{"id":749,"href":"https:\/\/www.luhaturf.cz\/index.php\/wp-json\/wp\/v2\/pages\/67\/revisions\/749"}],"wp:attachment":[{"href":"https:\/\/www.luhaturf.cz\/index.php\/wp-json\/wp\/v2\/media?parent=67"}],"curies":[{"name":"wp","href":"https:\/\/api.w.org\/{rel}","templated":true}]}}